{"id":1112,"date":"2024-10-10T08:38:01","date_gmt":"2024-10-10T08:38:01","guid":{"rendered":"https:\/\/pcsaireland.ie\/?page_id=1112"},"modified":"2025-03-28T11:17:44","modified_gmt":"2025-03-28T11:17:44","slug":"tosaiochtai-poilineachta","status":"publish","type":"page","link":"https:\/\/www.pcsaireland.ie\/ga\/maidir-linn\/tosaiochtai-poilineachta\/","title":{"rendered":"Tosa\u00edochta\u00ed P\u00f3il\u00edneachta"},"content":{"rendered":"","protected":false},"excerpt":{"rendered":"","protected":false},"author":5,"featured_media":0,"parent":558,"menu_order":0,"comment_status":"closed","ping_status":"closed","template":"template-flexible.php","meta":{"_acf_changed":false,"inline_featured_image":false,"footnotes":""},"class_list":["post-1112","page","type-page","status-publish","hentry"],"acf":[],"_links":{"self":[{"href":"https:\/\/www.pcsaireland.ie\/ga\/wp-json\/wp\/v2\/pages\/1112","targetHints":{"allow":["GET"]}}],"collection":[{"href":"https:\/\/www.pcsaireland.ie\/ga\/wp-json\/wp\/v2\/pages"}],"about":[{"href":"https:\/\/www.pcsaireland.ie\/ga\/wp-json\/wp\/v2\/types\/page"}],"author":[{"embeddable":true,"href":"https:\/\/www.pcsaireland.ie\/ga\/wp-json\/wp\/v2\/users\/5"}],"replies":[{"embeddable":true,"href":"https:\/\/www.pcsaireland.ie\/ga\/wp-json\/wp\/v2\/comments?post=1112"}],"version-history":[{"count":5,"href":"https:\/\/www.pcsaireland.ie\/ga\/wp-json\/wp\/v2\/pages\/1112\/revisions"}],"predecessor-version":[{"id":1360,"href":"https:\/\/www.pcsaireland.ie\/ga\/wp-json\/wp\/v2\/pages\/1112\/revisions\/1360"}],"up":[{"embeddable":true,"href":"https:\/\/www.pcsaireland.ie\/ga\/wp-json\/wp\/v2\/pages\/558"}],"wp:attachment":[{"href":"https:\/\/www.pcsaireland.ie\/ga\/wp-json\/wp\/v2\/media?parent=1112"}],"curies":[{"name":"wp","href":"https:\/\/api.w.org\/{rel}","templated":true}]}}