{"id":1258,"date":"2024-10-14T14:28:31","date_gmt":"2024-10-14T14:28:31","guid":{"rendered":"https:\/\/pcsaireland.ie\/?page_id=1258"},"modified":"2025-03-18T12:07:43","modified_gmt":"2025-03-18T12:07:43","slug":"comhphairtiochtai-sabhailteachta-pobail","status":"publish","type":"page","link":"https:\/\/www.pcsaireland.ie\/ga\/for-rochtain-rannphairtiocht\/comhphairtiochtai-sabhailteachta-pobail\/","title":{"rendered":"Comhph\u00e1irt\u00edochta\u00ed S\u00e1bh\u00e1ilteachta Pobail"},"content":{"rendered":"","protected":false},"excerpt":{"rendered":"","protected":false},"author":5,"featured_media":0,"parent":543,"menu_order":0,"comment_status":"closed","ping_status":"closed","template":"template-flexible.php","meta":{"_acf_changed":false,"inline_featured_image":false,"footnotes":""},"class_list":["post-1258","page","type-page","status-publish","hentry"],"acf":[],"_links":{"self":[{"href":"https:\/\/www.pcsaireland.ie\/ga\/wp-json\/wp\/v2\/pages\/1258","targetHints":{"allow":["GET"]}}],"collection":[{"href":"https:\/\/www.pcsaireland.ie\/ga\/wp-json\/wp\/v2\/pages"}],"about":[{"href":"https:\/\/www.pcsaireland.ie\/ga\/wp-json\/wp\/v2\/types\/page"}],"author":[{"embeddable":true,"href":"https:\/\/www.pcsaireland.ie\/ga\/wp-json\/wp\/v2\/users\/5"}],"replies":[{"embeddable":true,"href":"https:\/\/www.pcsaireland.ie\/ga\/wp-json\/wp\/v2\/comments?post=1258"}],"version-history":[{"count":2,"href":"https:\/\/www.pcsaireland.ie\/ga\/wp-json\/wp\/v2\/pages\/1258\/revisions"}],"predecessor-version":[{"id":1261,"href":"https:\/\/www.pcsaireland.ie\/ga\/wp-json\/wp\/v2\/pages\/1258\/revisions\/1261"}],"up":[{"embeddable":true,"href":"https:\/\/www.pcsaireland.ie\/ga\/wp-json\/wp\/v2\/pages\/543"}],"wp:attachment":[{"href":"https:\/\/www.pcsaireland.ie\/ga\/wp-json\/wp\/v2\/media?parent=1258"}],"curies":[{"name":"wp","href":"https:\/\/api.w.org\/{rel}","templated":true}]}}