{"id":556,"date":"2024-06-13T04:24:49","date_gmt":"2024-06-13T04:24:49","guid":{"rendered":"https:\/\/pcsaireland.ie\/accessiblity\/"},"modified":"2025-03-18T16:58:00","modified_gmt":"2025-03-18T16:58:00","slug":"faisneis-a-rochtain-ar-an-suiomh-greasain-seo","status":"publish","type":"page","link":"https:\/\/www.pcsaireland.ie\/ga\/faisneis-a-rochtain-ar-an-suiomh-greasain-seo\/","title":{"rendered":"Faisn\u00e9is a rochtain ar an su\u00edomh gr\u00e9as\u00e1in seo"},"content":{"rendered":"","protected":false},"excerpt":{"rendered":"","protected":false},"author":2,"featured_media":0,"parent":0,"menu_order":0,"comment_status":"closed","ping_status":"closed","template":"template-flexible.php","meta":{"_acf_changed":false,"inline_featured_image":false,"footnotes":""},"class_list":["post-556","page","type-page","status-publish","hentry"],"acf":[],"_links":{"self":[{"href":"https:\/\/www.pcsaireland.ie\/ga\/wp-json\/wp\/v2\/pages\/556","targetHints":{"allow":["GET"]}}],"collection":[{"href":"https:\/\/www.pcsaireland.ie\/ga\/wp-json\/wp\/v2\/pages"}],"about":[{"href":"https:\/\/www.pcsaireland.ie\/ga\/wp-json\/wp\/v2\/types\/page"}],"author":[{"embeddable":true,"href":"https:\/\/www.pcsaireland.ie\/ga\/wp-json\/wp\/v2\/users\/2"}],"replies":[{"embeddable":true,"href":"https:\/\/www.pcsaireland.ie\/ga\/wp-json\/wp\/v2\/comments?post=556"}],"version-history":[{"count":29,"href":"https:\/\/www.pcsaireland.ie\/ga\/wp-json\/wp\/v2\/pages\/556\/revisions"}],"predecessor-version":[{"id":1281,"href":"https:\/\/www.pcsaireland.ie\/ga\/wp-json\/wp\/v2\/pages\/556\/revisions\/1281"}],"wp:attachment":[{"href":"https:\/\/www.pcsaireland.ie\/ga\/wp-json\/wp\/v2\/media?parent=556"}],"curies":[{"name":"wp","href":"https:\/\/api.w.org\/{rel}","templated":true}]}}