{"id":762,"date":"2024-10-09T13:47:30","date_gmt":"2024-10-09T13:47:30","guid":{"rendered":"https:\/\/pcsaireland.ie\/privacy-statement\/"},"modified":"2025-03-18T16:58:26","modified_gmt":"2025-03-18T16:58:26","slug":"raiteas-priobhaideachta","status":"publish","type":"page","link":"https:\/\/www.pcsaireland.ie\/ga\/raiteas-priobhaideachta\/","title":{"rendered":"R\u00e1iteas Pr\u00edobh\u00e1ideachta"},"content":{"rendered":"","protected":false},"excerpt":{"rendered":"","protected":false},"author":2,"featured_media":0,"parent":0,"menu_order":0,"comment_status":"closed","ping_status":"closed","template":"template-default-flexible.php","meta":{"_acf_changed":false,"inline_featured_image":false,"footnotes":""},"class_list":["post-762","page","type-page","status-publish","hentry"],"acf":[],"_links":{"self":[{"href":"https:\/\/www.pcsaireland.ie\/ga\/wp-json\/wp\/v2\/pages\/762","targetHints":{"allow":["GET"]}}],"collection":[{"href":"https:\/\/www.pcsaireland.ie\/ga\/wp-json\/wp\/v2\/pages"}],"about":[{"href":"https:\/\/www.pcsaireland.ie\/ga\/wp-json\/wp\/v2\/types\/page"}],"author":[{"embeddable":true,"href":"https:\/\/www.pcsaireland.ie\/ga\/wp-json\/wp\/v2\/users\/2"}],"replies":[{"embeddable":true,"href":"https:\/\/www.pcsaireland.ie\/ga\/wp-json\/wp\/v2\/comments?post=762"}],"version-history":[{"count":8,"href":"https:\/\/www.pcsaireland.ie\/ga\/wp-json\/wp\/v2\/pages\/762\/revisions"}],"predecessor-version":[{"id":1283,"href":"https:\/\/www.pcsaireland.ie\/ga\/wp-json\/wp\/v2\/pages\/762\/revisions\/1283"}],"wp:attachment":[{"href":"https:\/\/www.pcsaireland.ie\/ga\/wp-json\/wp\/v2\/media?parent=762"}],"curies":[{"name":"wp","href":"https:\/\/api.w.org\/{rel}","templated":true}]}}